{"id":129,"date":"2013-03-23T08:35:23","date_gmt":"2013-03-23T06:35:23","guid":{"rendered":"http:\/\/timanttikisat.fi\/saty\/?page_id=129"},"modified":"2022-06-29T11:16:26","modified_gmt":"2022-06-29T08:16:26","slug":"piiriennatykset","status":"publish","type":"page","link":"https:\/\/www.satakunnanyleisurheilu.fi\/?page_id=129","title":{"rendered":"Piirienn\u00e4tykset"},"content":{"rendered":"<p>Satakunnan piirienn\u00e4tykset l\u00f6ytyv\u00e4t kev\u00e4\u00e4st\u00e4 2022 l\u00e4htien <a href=\"https:\/\/www.tilastopaja.eu\/fi\/piirit\/satakunta\/enn\/\" target=\"_blank\" rel=\"noopener\">Tilastopajan palvelusta<\/a>. Tilastopajaan siirrytt\u00e4ess\u00e4 l\u00f6ytyi muutamia vanhoja enn\u00e4tyksi\u00e4, jotka puuttuivat aiemmista manuaalisesti yll\u00e4pit\u00e4mist\u00e4mme listauksista. Jos huomaatte tilastoissa virheit\u00e4, kannattaa l\u00e4hett\u00e4\u00e4 s\u00e4hk\u00f6postia osoitteeseen toimisto(a)satakunnanyleisurheilu.fi.<\/p>\n<p>Piirinenn\u00e4tykseksi hyv\u00e4ksyt\u00e4\u00e4n vain virallisissa kilpailuissa tehdyt tulokset. Jotta kilpailu olisi virallinen pit\u00e4\u00e4 se olla v\u00e4hint\u00e4\u00e4n piirin my\u00f6nt\u00e4m\u00e4 eli l\u00f6yty\u00e4 kilpailukalenteri.fi palvelusta. Seurakisat eiv\u00e4t ole virallisia kilpailuita, joten niiss\u00e4 tehtyj\u00e4 tuloksia ei hyv\u00e4ksyt\u00e4 virallisiin tilastoihin tai piirinenn\u00e4tyksiksi.<\/p>\n","protected":false},"excerpt":{"rendered":"<p>Satakunnan piirienn\u00e4tykset l\u00f6ytyv\u00e4t kev\u00e4\u00e4st\u00e4 2022 l\u00e4htien Tilastopajan palvelusta. Tilastopajaan siirrytt\u00e4ess\u00e4 l\u00f6ytyi muutamia vanhoja enn\u00e4tyksi\u00e4, jotka puuttuivat aiemmista manuaalisesti yll\u00e4pit\u00e4mist\u00e4mme listauksista. Jos huomaatte tilastoissa virheit\u00e4, kannattaa l\u00e4hett\u00e4\u00e4 s\u00e4hk\u00f6postia osoitteeseen toimisto(a)satakunnanyleisurheilu.fi. Piirinenn\u00e4tykseksi hyv\u00e4ksyt\u00e4\u00e4n vain virallisissa kilpailuissa tehdyt tulokset. Jotta kilpailu olisi virallinen pit\u00e4\u00e4 se olla v\u00e4hint\u00e4\u00e4n piirin my\u00f6nt\u00e4m\u00e4 eli l\u00f6yty\u00e4 kilpailukalenteri.fi palvelusta. Seurakisat eiv\u00e4t ole virallisia kilpailuita,&hellip; <a class=\"more-link\" href=\"https:\/\/www.satakunnanyleisurheilu.fi\/?page_id=129\">Jatka lukemista <span class=\"screen-reader-text\">Piirienn\u00e4tykset<\/span><\/a><\/p>\n","protected":false},"author":6,"featured_media":0,"parent":0,"menu_order":0,"comment_status":"open","ping_status":"open","template":"","meta":{"jetpack_post_was_ever_published":false,"footnotes":""},"class_list":["post-129","page","type-page","status-publish","hentry","entry"],"jetpack_sharing_enabled":true,"jetpack_shortlink":"https:\/\/wp.me\/P5Y5ll-25","_links":{"self":[{"href":"https:\/\/www.satakunnanyleisurheilu.fi\/index.php?rest_route=\/wp\/v2\/pages\/129","targetHints":{"allow":["GET"]}}],"collection":[{"href":"https:\/\/www.satakunnanyleisurheilu.fi\/index.php?rest_route=\/wp\/v2\/pages"}],"about":[{"href":"https:\/\/www.satakunnanyleisurheilu.fi\/index.php?rest_route=\/wp\/v2\/types\/page"}],"author":[{"embeddable":true,"href":"https:\/\/www.satakunnanyleisurheilu.fi\/index.php?rest_route=\/wp\/v2\/users\/6"}],"replies":[{"embeddable":true,"href":"https:\/\/www.satakunnanyleisurheilu.fi\/index.php?rest_route=%2Fwp%2Fv2%2Fcomments&post=129"}],"version-history":[{"count":12,"href":"https:\/\/www.satakunnanyleisurheilu.fi\/index.php?rest_route=\/wp\/v2\/pages\/129\/revisions"}],"predecessor-version":[{"id":2592,"href":"https:\/\/www.satakunnanyleisurheilu.fi\/index.php?rest_route=\/wp\/v2\/pages\/129\/revisions\/2592"}],"wp:attachment":[{"href":"https:\/\/www.satakunnanyleisurheilu.fi\/index.php?rest_route=%2Fwp%2Fv2%2Fmedia&parent=129"}],"curies":[{"name":"wp","href":"https:\/\/api.w.org\/{rel}","templated":true}]}}