{"id":15,"date":"2013-03-22T18:43:56","date_gmt":"2013-03-22T16:43:56","guid":{"rendered":"http:\/\/timanttikisat.fi\/saty\/?page_id=15"},"modified":"2023-05-08T13:30:59","modified_gmt":"2023-05-08T10:30:59","slug":"koulutus","status":"publish","type":"page","link":"https:\/\/www.satakunnanyleisurheilu.fi\/?page_id=15","title":{"rendered":"Koulutus"},"content":{"rendered":"\n<p>Satakunnan Yleisurheilussa noudatetaan Suomen Urheiluliiton koulutusj\u00e4rjestelm\u00e4\u00e4, josta l\u00f6ytyy lis\u00e4tietoja <a href=\"http:\/\/www.yleisurheilu.fi\/\" target=\"_blank\" rel=\"noreferrer noopener\">liiton sivuilta<\/a>.<\/p>\n\n\n\n<p>Ohjaaja- ja valmentajakoulutusj\u00e4rjestelm\u00e4ss\u00e4 koulutukset suoritetaan seuraavassa j\u00e4rjestyksess\u00e4:<\/p>\n\n\n\n<ul class=\"wp-block-list\">\n<li>yleisurheilun starttikurssi (YS)<\/li>\n\n\n\n<li>lasten valmentajatutkinto (LVT)<\/li>\n\n\n\n<li>nuorten valmentajatutkinto (NVT)<\/li>\n\n\n\n<li>valmentajatukinto (VT)<\/li>\n\n\n\n<li>valmentajan ammattitutkinto (VAT)<\/li>\n<\/ul>\n\n\n\n<p>Piiritasolla j\u00e4rjestet\u00e4\u00e4n l\u00e4hinn\u00e4 starttikursseja ja lasten valmentajatutkintoja. Jos haluat lis\u00e4tietoa n\u00e4ist\u00e4, ole yhteydess\u00e4 piiriin toimisto@satakunnanyleisurheilu.fi<\/p>\n\n\n\n<p>Lis\u00e4tietoja valmentajakoulutuksesta <a href=\"https:\/\/www.yleisurheilu.fi\/valmentajakoulutus\/\" target=\"_blank\" rel=\"noreferrer noopener\">liiton sivuilta<\/a>.<\/p>\n\n\n\n<p>Tuomarikoulutuksessa on kansallisella j\u00e4rjestelm\u00e4ss\u00e4 viisi erillist\u00e4 tasoa:<\/p>\n\n\n\n<ul class=\"wp-block-list\">\n<li>Taso 1: toimitsija, seurakohtainen<\/li>\n\n\n\n<li>Taso 2: tuomari, piirin j\u00e4rjest\u00e4m\u00e4<\/li>\n\n\n\n<li>Taso 3: lajinjohtaja, piirin tai alueen j\u00e4rjest\u00e4m\u00e4<\/li>\n\n\n\n<li>Taso 4: kilpailunjohtaja, liiton j\u00e4rjest\u00e4m\u00e4<\/li>\n\n\n\n<li>Taso 5: Kv-taso, liiton j\u00e4rjest\u00e4m\u00e4 tarvittaessa<\/li>\n<\/ul>\n\n\n\n<p>Lis\u00e4ksi piiri, alue ja liitto j\u00e4rjest\u00e4v\u00e4t erillisi\u00e4 koulutuksia sek\u00e4 valmentajille, ohjaajille ett\u00e4 seuroille. Koulutuksiin liittyv\u00e4t kysymykset voi l\u00e4hett\u00e4\u00e4 piirin s\u00e4hk\u00f6postiin toimisto@satakunnanyleisurheilu.fi.<\/p>\n","protected":false},"excerpt":{"rendered":"<p>Satakunnan Yleisurheilussa noudatetaan Suomen Urheiluliiton koulutusj\u00e4rjestelm\u00e4\u00e4, josta l\u00f6ytyy lis\u00e4tietoja liiton sivuilta. Ohjaaja- ja valmentajakoulutusj\u00e4rjestelm\u00e4ss\u00e4 koulutukset suoritetaan seuraavassa j\u00e4rjestyksess\u00e4: Piiritasolla j\u00e4rjestet\u00e4\u00e4n l\u00e4hinn\u00e4 starttikursseja ja lasten valmentajatutkintoja. Jos haluat lis\u00e4tietoa n\u00e4ist\u00e4, ole yhteydess\u00e4 piiriin toimisto@satakunnanyleisurheilu.fi Lis\u00e4tietoja valmentajakoulutuksesta liiton sivuilta. Tuomarikoulutuksessa on kansallisella j\u00e4rjestelm\u00e4ss\u00e4 viisi erillist\u00e4 tasoa: Lis\u00e4ksi piiri, alue ja liitto j\u00e4rjest\u00e4v\u00e4t erillisi\u00e4 koulutuksia sek\u00e4 valmentajille, ohjaajille&hellip; <a class=\"more-link\" href=\"https:\/\/www.satakunnanyleisurheilu.fi\/?page_id=15\">Jatka lukemista <span class=\"screen-reader-text\">Koulutus<\/span><\/a><\/p>\n","protected":false},"author":6,"featured_media":0,"parent":0,"menu_order":0,"comment_status":"open","ping_status":"open","template":"","meta":{"footnotes":""},"class_list":["post-15","page","type-page","status-publish","hentry","entry"],"jetpack_sharing_enabled":true,"jetpack_shortlink":"https:\/\/wp.me\/P5Y5ll-f","_links":{"self":[{"href":"https:\/\/www.satakunnanyleisurheilu.fi\/index.php?rest_route=\/wp\/v2\/pages\/15","targetHints":{"allow":["GET"]}}],"collection":[{"href":"https:\/\/www.satakunnanyleisurheilu.fi\/index.php?rest_route=\/wp\/v2\/pages"}],"about":[{"href":"https:\/\/www.satakunnanyleisurheilu.fi\/index.php?rest_route=\/wp\/v2\/types\/page"}],"author":[{"embeddable":true,"href":"https:\/\/www.satakunnanyleisurheilu.fi\/index.php?rest_route=\/wp\/v2\/users\/6"}],"replies":[{"embeddable":true,"href":"https:\/\/www.satakunnanyleisurheilu.fi\/index.php?rest_route=%2Fwp%2Fv2%2Fcomments&post=15"}],"version-history":[{"count":5,"href":"https:\/\/www.satakunnanyleisurheilu.fi\/index.php?rest_route=\/wp\/v2\/pages\/15\/revisions"}],"predecessor-version":[{"id":2669,"href":"https:\/\/www.satakunnanyleisurheilu.fi\/index.php?rest_route=\/wp\/v2\/pages\/15\/revisions\/2669"}],"wp:attachment":[{"href":"https:\/\/www.satakunnanyleisurheilu.fi\/index.php?rest_route=%2Fwp%2Fv2%2Fmedia&parent=15"}],"curies":[{"name":"wp","href":"https:\/\/api.w.org\/{rel}","templated":true}]}}