{"id":18,"date":"2013-03-22T18:48:18","date_gmt":"2013-03-22T16:48:18","guid":{"rendered":"http:\/\/timanttikisat.fi\/saty\/?page_id=18"},"modified":"2023-10-02T15:06:50","modified_gmt":"2023-10-02T12:06:50","slug":"toimihenkilot","status":"publish","type":"page","link":"https:\/\/www.satakunnanyleisurheilu.fi\/?page_id=18","title":{"rendered":"Toimihenkil\u00f6t"},"content":{"rendered":"\n<h3 class=\"wp-block-heading\"><strong>Valmennusp\u00e4\u00e4llikk\u00f6<\/strong> <\/h3>\n\n\n\n<p>Samu Myllymaa<br>040 7012 313<br>samu.myllymaa(at)gmail.com<\/p>\n\n\n\n<ul class=\"wp-block-list\">\n<li>piirileirityksen j\u00e4rjest\u00e4minen<\/li>\n\n\n\n<li>piirin valmentajien yhteisty\u00f6n organisointi<\/li>\n\n\n\n<li>erilaisista valmennuksen kehitt\u00e4misprojekteista vastaaminen<\/li>\n\n\n\n<li>piiriottelu<\/li>\n<\/ul>\n\n\n\n<h3 class=\"wp-block-heading\"><strong>Nuorisokouluttaja<\/strong> (oto)<\/h3>\n\n\n\n<p>Samu Myllymaa<br>040 7012 313<br>samu.myllymaa(at)gmail.com<\/p>\n\n\n\n<ul class=\"wp-block-list\">\n<li>vastuualueena piirin nuorisokoulutus ja siihen liittyv\u00e4t teht\u00e4v\u00e4t<\/li>\n\n\n\n<li>starttikurssien koordinointi<\/li>\n\n\n\n<li>starttileirityksen j\u00e4rjest\u00e4minen<\/li>\n\n\n\n<li>yhteistoiminta seurojen nuorisop\u00e4\u00e4llik\u00f6iden kanssa<\/li>\n\n\n\n<li>osallistuu seurak\u00e4ynteihin (esim. yleisurheilukoulun malliharjoitus)<\/li>\n\n\n\n<li>Pohjola Seuracup yhteistoiminnassa kentt\u00e4p\u00e4\u00e4llik\u00f6n kanssa<\/li>\n\n\n\n<li>osallistuu SUL:n j\u00e4rjest\u00e4miin alansa koulutustilaisuuksiin<\/li>\n\n\n\n<li>vastaa koulu-urheiluun liittyvist\u00e4 asioista piiriss\u00e4<\/li>\n\n\n\n<li>koulujen ja seurojen v\u00e4lisen yhteisty\u00f6n kehitt\u00e4minen<\/li>\n<\/ul>\n\n\n\n<h3 class=\"wp-block-heading\"><strong>Kuuluttajakouluttaja<\/strong><\/h3>\n\n\n\n<p>Juha M\u00e4enp\u00e4\u00e4<br>0500 512 397<br>juha.t.maenpaa(at)gmail.com<\/p>\n\n\n\n<h3 class=\"wp-block-heading\"><strong>L\u00e4hett\u00e4j\u00e4kouluttaja<\/strong><\/h3>\n\n\n\n<p>Pekka Naskali <br>040 518 2304<br>pejunask(at)hotmail.com<\/p>\n","protected":false},"excerpt":{"rendered":"<p>Valmennusp\u00e4\u00e4llikk\u00f6 Samu Myllymaa040 7012 313samu.myllymaa(at)gmail.com Nuorisokouluttaja (oto) Samu Myllymaa040 7012 313samu.myllymaa(at)gmail.com Kuuluttajakouluttaja Juha M\u00e4enp\u00e4\u00e40500 512 397juha.t.maenpaa(at)gmail.com L\u00e4hett\u00e4j\u00e4kouluttaja Pekka Naskali 040 518 2304pejunask(at)hotmail.com<\/p>\n","protected":false},"author":6,"featured_media":0,"parent":16,"menu_order":0,"comment_status":"open","ping_status":"open","template":"","meta":{"jetpack_post_was_ever_published":false,"footnotes":""},"class_list":["post-18","page","type-page","status-publish","hentry","entry"],"jetpack_sharing_enabled":true,"jetpack_shortlink":"https:\/\/wp.me\/P5Y5ll-i","_links":{"self":[{"href":"https:\/\/www.satakunnanyleisurheilu.fi\/index.php?rest_route=\/wp\/v2\/pages\/18","targetHints":{"allow":["GET"]}}],"collection":[{"href":"https:\/\/www.satakunnanyleisurheilu.fi\/index.php?rest_route=\/wp\/v2\/pages"}],"about":[{"href":"https:\/\/www.satakunnanyleisurheilu.fi\/index.php?rest_route=\/wp\/v2\/types\/page"}],"author":[{"embeddable":true,"href":"https:\/\/www.satakunnanyleisurheilu.fi\/index.php?rest_route=\/wp\/v2\/users\/6"}],"replies":[{"embeddable":true,"href":"https:\/\/www.satakunnanyleisurheilu.fi\/index.php?rest_route=%2Fwp%2Fv2%2Fcomments&post=18"}],"version-history":[{"count":18,"href":"https:\/\/www.satakunnanyleisurheilu.fi\/index.php?rest_route=\/wp\/v2\/pages\/18\/revisions"}],"predecessor-version":[{"id":2720,"href":"https:\/\/www.satakunnanyleisurheilu.fi\/index.php?rest_route=\/wp\/v2\/pages\/18\/revisions\/2720"}],"up":[{"embeddable":true,"href":"https:\/\/www.satakunnanyleisurheilu.fi\/index.php?rest_route=\/wp\/v2\/pages\/16"}],"wp:attachment":[{"href":"https:\/\/www.satakunnanyleisurheilu.fi\/index.php?rest_route=%2Fwp%2Fv2%2Fmedia&parent=18"}],"curies":[{"name":"wp","href":"https:\/\/api.w.org\/{rel}","templated":true}]}}