{"id":2336,"date":"2020-09-22T20:35:17","date_gmt":"2020-09-22T17:35:17","guid":{"rendered":"https:\/\/www.satakunnanyleisurheilu.fi\/?page_id=2336"},"modified":"2025-09-23T15:35:57","modified_gmt":"2025-09-23T12:35:57","slug":"karhuhalli","status":"publish","type":"page","link":"https:\/\/www.satakunnanyleisurheilu.fi\/?page_id=2336","title":{"rendered":"Karhuhallivuorot"},"content":{"rendered":"\n<p>Karhuhallin harjoitusmaksun maksamalla urheilija saa harjoitella SATY:n maksamilla vuoroilla Karhuhallissa. SATY:n maksamia vuoroja saa k\u00e4ytt\u00e4\u00e4 vain ostamisen yhteydess\u00e4 nimetty urheilija. Urheilijan valmentajan ei tarvitse maksaa harjoitusmaksua. Seurat voivat ostaa nimettyj\u00e4 kortteja useamman kerralla. <\/p>\n\n\n\n<p>Noormarkun Nopsan, Porin Yleisurheilun ja Porin Tarmon urheilijoiden ei tarvitse maksaa Karhuhallin k\u00e4yt\u00f6st\u00e4 erikseen, sill\u00e4 se on jo valmiiksi sis\u00e4llytetty porilaisseurojen omiin harjoitusmaksuihin.<\/p>\n\n\n\n<p><em>Harjoitusmaksu maksetaan Suomisportissa:<\/em> <a href=\"https:\/\/www.suomisport.fi\/events\/bf12c222-5d44-497e-9231-dbe702fbf5c3\">https:\/\/www.suomisport.fi\/events\/bf12c222-5d44-497e-9231-dbe702fbf5c3<\/a><\/p>\n\n\n\n<p>Urheilijoille, jotka haluavat harjoitella Karhuhallissa, mutta eiv\u00e4t edusta SATY:n j\u00e4senseuraa (jos esim asuu tai opiskelee Porissa), harjoitusmaksu on kolminkertainen. <strong>Harjoitusmaksu on suoritettava tai muuten vuorolla ei voi urheilla.<\/strong><\/p>\n\n\n\n<p>SATY:n harjoitusvuorojen ulkopuolella voi harjoitella Karhuhallissa SSA-kortilla tai maksamalla kassalle.<\/p>\n\n\n\n<p>Hallivuorot voit tarkistaa <a rel=\"noreferrer noopener\" href=\"https:\/\/timmi.pori.fi\/WebTimmi\/login.do?loginName=GUESTPORI&amp;password=GUESTPORI&amp;roomId=46&amp;adminAreaId=1#\" target=\"_blank\">Timmi-palvelusta<\/a>. <\/p>\n\n\n\n<p>Suosittelemme, ett\u00e4 nuoremmat, alle 12-vuotiaat k\u00e4ytt\u00e4v\u00e4t turvallisuussyist\u00e4 vuorojen aikaisempia aikoja (yleisesti ennen klo 18). <\/p>\n","protected":false},"excerpt":{"rendered":"<p>Karhuhallin harjoitusmaksun maksamalla urheilija saa harjoitella SATY:n maksamilla vuoroilla Karhuhallissa. SATY:n maksamia vuoroja saa k\u00e4ytt\u00e4\u00e4 vain ostamisen yhteydess\u00e4 nimetty urheilija. Urheilijan valmentajan ei tarvitse maksaa harjoitusmaksua. Seurat voivat ostaa nimettyj\u00e4 kortteja useamman kerralla. Noormarkun Nopsan, Porin Yleisurheilun ja Porin Tarmon urheilijoiden ei tarvitse maksaa Karhuhallin k\u00e4yt\u00f6st\u00e4 erikseen, sill\u00e4 se on jo valmiiksi sis\u00e4llytetty porilaisseurojen omiin&hellip; <a class=\"more-link\" href=\"https:\/\/www.satakunnanyleisurheilu.fi\/?page_id=2336\">Jatka lukemista <span class=\"screen-reader-text\">Karhuhallivuorot<\/span><\/a><\/p>\n","protected":false},"author":6,"featured_media":0,"parent":0,"menu_order":0,"comment_status":"closed","ping_status":"closed","template":"","meta":{"jetpack_post_was_ever_published":false,"footnotes":""},"class_list":["post-2336","page","type-page","status-publish","hentry","entry"],"jetpack_sharing_enabled":true,"jetpack_shortlink":"https:\/\/wp.me\/P5Y5ll-BG","_links":{"self":[{"href":"https:\/\/www.satakunnanyleisurheilu.fi\/index.php?rest_route=\/wp\/v2\/pages\/2336","targetHints":{"allow":["GET"]}}],"collection":[{"href":"https:\/\/www.satakunnanyleisurheilu.fi\/index.php?rest_route=\/wp\/v2\/pages"}],"about":[{"href":"https:\/\/www.satakunnanyleisurheilu.fi\/index.php?rest_route=\/wp\/v2\/types\/page"}],"author":[{"embeddable":true,"href":"https:\/\/www.satakunnanyleisurheilu.fi\/index.php?rest_route=\/wp\/v2\/users\/6"}],"replies":[{"embeddable":true,"href":"https:\/\/www.satakunnanyleisurheilu.fi\/index.php?rest_route=%2Fwp%2Fv2%2Fcomments&post=2336"}],"version-history":[{"count":9,"href":"https:\/\/www.satakunnanyleisurheilu.fi\/index.php?rest_route=\/wp\/v2\/pages\/2336\/revisions"}],"predecessor-version":[{"id":2828,"href":"https:\/\/www.satakunnanyleisurheilu.fi\/index.php?rest_route=\/wp\/v2\/pages\/2336\/revisions\/2828"}],"wp:attachment":[{"href":"https:\/\/www.satakunnanyleisurheilu.fi\/index.php?rest_route=%2Fwp%2Fv2%2Fmedia&parent=2336"}],"curies":[{"name":"wp","href":"https:\/\/api.w.org\/{rel}","templated":true}]}}