{"id":2833,"date":"2025-09-25T12:45:20","date_gmt":"2025-09-25T09:45:20","guid":{"rendered":"https:\/\/www.satakunnanyleisurheilu.fi\/?page_id=2833"},"modified":"2025-09-25T12:50:57","modified_gmt":"2025-09-25T09:50:57","slug":"millaisia-leirityksia","status":"publish","type":"page","link":"https:\/\/www.satakunnanyleisurheilu.fi\/?page_id=2833","title":{"rendered":"Millaisia leirityksi\u00e4 on?"},"content":{"rendered":"\n<p>T\u00e4h\u00e4n osioon on ker\u00e4tty tiivistelm\u00e4 millaisia leirej\u00e4 yleisurheilussa j\u00e4rjestet\u00e4\u00e4n eri ik\u00e4isille urheilijoille eri toimijoiden toimesta.<\/p>\n\n\n\n<p>Lis\u00e4tietoja saat mm. seurasi ihmisilt\u00e4, piirin vastuullisilta, SUL:n vastuullisilta sek\u00e4 urheiluopistojen ja olympiakomitean sivuilta.<\/p>\n\n\n\n<figure class=\"wp-block-image size-full is-style-twentytwentyone-border\"><a href=\"https:\/\/www.satakunnanyleisurheilu.fi\/wp-content\/uploads\/2025\/09\/image.png\"><img loading=\"lazy\" decoding=\"async\" width=\"1004\" height=\"337\" src=\"https:\/\/www.satakunnanyleisurheilu.fi\/wp-content\/uploads\/2025\/09\/image.png\" alt=\"\" class=\"wp-image-2834\" srcset=\"https:\/\/www.satakunnanyleisurheilu.fi\/wp-content\/uploads\/2025\/09\/image.png 1004w, https:\/\/www.satakunnanyleisurheilu.fi\/wp-content\/uploads\/2025\/09\/image-300x101.png 300w, https:\/\/www.satakunnanyleisurheilu.fi\/wp-content\/uploads\/2025\/09\/image-768x258.png 768w\" sizes=\"auto, (max-width: 1004px) 100vw, 1004px\" \/><\/a><\/figure>\n\n\n\n<p>Satakunnan piirin leireille haetaan syksyisin ja leirikausi sis\u00e4lt\u00e4\u00e4 leirej\u00e4 Karhuhallissa, Porissa ja Eerikkil\u00e4n urheiluopistolla. Lis\u00e4tietoa l\u00e4\u00f6yd\u00e4t n\u00e4ilt\u00e4 sivuilta.<\/p>\n\n\n\n<p>SUL:n j\u00e4rjest\u00e4m\u00e4\u00e4n TF-leiritykseen kutsutaan tulosrajan tehneet urheilijat syksyisin. Lis\u00e4tietoja l\u00f6ytyy yleisurheilu.fi -sivustolta.<\/p>\n\n\n\n<p>Muihin leirityksiin l\u00f6yd\u00e4t lis\u00e4tietoa internetist\u00e4 hakemalla sopivilla sanahauilla.<\/p>\n\n\n\n<p><\/p>\n","protected":false},"excerpt":{"rendered":"<p>T\u00e4h\u00e4n osioon on ker\u00e4tty tiivistelm\u00e4 millaisia leirej\u00e4 yleisurheilussa j\u00e4rjestet\u00e4\u00e4n eri ik\u00e4isille urheilijoille eri toimijoiden toimesta. Lis\u00e4tietoja saat mm. seurasi ihmisilt\u00e4, piirin vastuullisilta, SUL:n vastuullisilta sek\u00e4 urheiluopistojen ja olympiakomitean sivuilta. Satakunnan piirin leireille haetaan syksyisin ja leirikausi sis\u00e4lt\u00e4\u00e4 leirej\u00e4 Karhuhallissa, Porissa ja Eerikkil\u00e4n urheiluopistolla. Lis\u00e4tietoa l\u00e4\u00f6yd\u00e4t n\u00e4ilt\u00e4 sivuilta. SUL:n j\u00e4rjest\u00e4m\u00e4\u00e4n TF-leiritykseen kutsutaan tulosrajan tehneet urheilijat syksyisin.&hellip; <a class=\"more-link\" href=\"https:\/\/www.satakunnanyleisurheilu.fi\/?page_id=2833\">Jatka lukemista <span class=\"screen-reader-text\">Millaisia leirityksi\u00e4 on?<\/span><\/a><\/p>\n","protected":false},"author":2,"featured_media":0,"parent":14,"menu_order":0,"comment_status":"closed","ping_status":"closed","template":"","meta":{"jetpack_post_was_ever_published":false,"footnotes":""},"class_list":["post-2833","page","type-page","status-publish","hentry","entry"],"jetpack_sharing_enabled":true,"jetpack_shortlink":"https:\/\/wp.me\/P5Y5ll-JH","_links":{"self":[{"href":"https:\/\/www.satakunnanyleisurheilu.fi\/index.php?rest_route=\/wp\/v2\/pages\/2833","targetHints":{"allow":["GET"]}}],"collection":[{"href":"https:\/\/www.satakunnanyleisurheilu.fi\/index.php?rest_route=\/wp\/v2\/pages"}],"about":[{"href":"https:\/\/www.satakunnanyleisurheilu.fi\/index.php?rest_route=\/wp\/v2\/types\/page"}],"author":[{"embeddable":true,"href":"https:\/\/www.satakunnanyleisurheilu.fi\/index.php?rest_route=\/wp\/v2\/users\/2"}],"replies":[{"embeddable":true,"href":"https:\/\/www.satakunnanyleisurheilu.fi\/index.php?rest_route=%2Fwp%2Fv2%2Fcomments&post=2833"}],"version-history":[{"count":3,"href":"https:\/\/www.satakunnanyleisurheilu.fi\/index.php?rest_route=\/wp\/v2\/pages\/2833\/revisions"}],"predecessor-version":[{"id":2837,"href":"https:\/\/www.satakunnanyleisurheilu.fi\/index.php?rest_route=\/wp\/v2\/pages\/2833\/revisions\/2837"}],"up":[{"embeddable":true,"href":"https:\/\/www.satakunnanyleisurheilu.fi\/index.php?rest_route=\/wp\/v2\/pages\/14"}],"wp:attachment":[{"href":"https:\/\/www.satakunnanyleisurheilu.fi\/index.php?rest_route=%2Fwp%2Fv2%2Fmedia&parent=2833"}],"curies":[{"name":"wp","href":"https:\/\/api.w.org\/{rel}","templated":true}]}}