{"id":31,"date":"2013-03-22T19:43:16","date_gmt":"2013-03-22T17:43:16","guid":{"rendered":"http:\/\/timanttikisat.fi\/saty\/?page_id=31"},"modified":"2023-10-08T12:56:31","modified_gmt":"2023-10-08T09:56:31","slug":"jasenseurat","status":"publish","type":"page","link":"https:\/\/www.satakunnanyleisurheilu.fi\/?page_id=31","title":{"rendered":"J\u00e4senseurat"},"content":{"rendered":"\n<h3 class=\"wp-block-heading\" id=\"ahlaisten-urheilijat-ahlu\"><a rel=\"noreferrer noopener\" href=\"http:\/\/www.ahlaistenurheilijat.fi\/\" data-type=\"URL\" data-id=\"http:\/\/www.ahlaistenurheilijat.fi\/\" target=\"_blank\">Ahlaisten Urheilijat, AhlU<\/a><\/h3>\n\n\n\n<h3 class=\"wp-block-heading\" id=\"apk-maratoonarit-ry\"><a rel=\"noreferrer noopener\" href=\"http:\/\/apk-maratoonarit.fi\" target=\"_blank\">APK-maratoonarit ry<\/a><\/h3>\n\n\n\n<h3 class=\"wp-block-heading\" id=\"eurajoen-veikot-euve\"><a rel=\"noreferrer noopener\" href=\"https:\/\/www.eurajoenveikot.fi\/\" data-type=\"URL\" data-id=\"https:\/\/www.eurajoenveikot.fi\/\" target=\"_blank\">Eurajoen Veikot, EuVe<\/a><\/h3>\n\n\n\n<h3 class=\"wp-block-heading\" id=\"euran-raiku-eura\"><a rel=\"noreferrer noopener\" href=\"https:\/\/www.euranraiku.fi\/\" data-type=\"URL\" data-id=\"https:\/\/www.euranraiku.fi\/\" target=\"_blank\">Euran Raiku, EuRa<\/a><\/h3>\n\n\n\n<h3 class=\"wp-block-heading\" id=\"euran-tyovaen-urheilijat-etu\"><a rel=\"noreferrer noopener\" href=\"https:\/\/etu.sporttisaitti.com\/\" data-type=\"URL\" data-id=\"https:\/\/etu.sporttisaitti.com\/\" target=\"_blank\">Euran Ty\u00f6v\u00e4en Urheilijat, ETU<\/a><\/h3>\n\n\n\n<h3 class=\"wp-block-heading\" id=\"harjavallan-jymy-hajy\"><a rel=\"noreferrer noopener\" href=\"http:\/\/www.harjavallanjymy.fi\/\" data-type=\"URL\" data-id=\"http:\/\/www.harjavallanjymy.fi\/\" target=\"_blank\">Harjavallan Jymy, HaJy<\/a><\/h3>\n\n\n\n<h3 class=\"wp-block-heading\" id=\"harjavallan-tyovaen-urheilijat-htu\"><a rel=\"noreferrer noopener\" href=\"https:\/\/www.facebook.com\/harjavallantyovaen.urheilijat\" data-type=\"URL\" data-id=\"https:\/\/www.facebook.com\/harjavallantyovaen.urheilijat\" target=\"_blank\">Harjavallan Ty\u00f6v\u00e4en Urheilijat, HTU<\/a><\/h3>\n\n\n\n<p><strong>YU-jaoston puheenjohtaja<br><\/strong>Tomi Rantanen<br>044 522 7836<br><a href=\"mailto:tomi.rantanen76@gmail.com\">tomi.rantanen76@gmail.com<\/a><br>Ilmarisenkatu 2b7 29200 Harjavalta<\/p>\n\n\n\n<h3 class=\"wp-block-heading\" id=\"hinnerjoen-yritys-hinny\">Hinnerjoen Yritys, HinnY <\/h3>\n\n\n\n<p><strong>Puheenjohtaja<\/strong><br>Jarmo Sj\u00f6blom<br><a href=\"mailto:jarmosjoblom1@gmail.com\">jarmosjoblom1@gmail.com<\/a><\/p>\n\n\n\n<h3 class=\"wp-block-heading\" id=\"honkajoen-seudun-urheilijat-hsu\"><a rel=\"noreferrer noopener\" href=\"https:\/\/honkajoenseudunurheilijat.fi\/\" data-type=\"URL\" data-id=\"https:\/\/honkajoenseudunurheilijat.fi\/\" target=\"_blank\">Honkajoen seudun Urheilijat, HSU<\/a><\/h3>\n\n\n\n<h3 class=\"wp-block-heading\" id=\"isojoenrannan-mahti-isom\">Isojoenrannan Mahti, IsoM<\/h3>\n\n\n\n<p>Pekka Nurmi<br>02-639 2515<br><a href=\"mailto:pekka.ju.nurmi@gmail.com\">pekka.ju.nurmi@gmail.com<\/a><br>Karjasillantie 58 28240 Pori<\/p>\n\n\n\n<h3 class=\"wp-block-heading\" id=\"kankaanpaan-maratonklubi-kanmara\"><a rel=\"noreferrer noopener\" href=\"https:\/\/kankaanpaanmaraton.com\/\" data-type=\"URL\" data-id=\"https:\/\/kankaanpaanmaraton.com\/\" target=\"_blank\">Kankaanp\u00e4\u00e4n Maratonklubi<\/a>, KanMara<\/h3>\n\n\n\n<h3 class=\"wp-block-heading\" id=\"kankaanpaan-seudun-leisku-ksl\"><a rel=\"noreferrer noopener\" href=\"https:\/\/www.leisku.fi\/\" data-type=\"URL\" data-id=\"https:\/\/www.leisku.fi\/\" target=\"_blank\">Kankaanp\u00e4\u00e4n seudun Leisku, KSL<\/a><\/h3>\n\n\n\n<h3 class=\"wp-block-heading\" id=\"kankaanpaan-urheilijat-kanku\"><a href=\"https:\/\/www.kankaanpaanurheilijat.fi\/\">Kankaanp\u00e4\u00e4n Urheilijat, KankU<\/a><\/h3>\n\n\n\n<h3 class=\"wp-block-heading\" id=\"karvian-kiri-karki\"><a rel=\"noreferrer noopener\" href=\"https:\/\/karviankiri.sporttisaitti.com\/\" data-type=\"URL\" data-id=\"https:\/\/karviankiri.sporttisaitti.com\/\" target=\"_blank\">Karvian Kiri, KarKi<\/a><\/h3>\n\n\n\n<h3 class=\"wp-block-heading\" id=\"kihnion-urheilijat-kihu\">Kihni\u00f6n Urheilijat, KihU<\/h3>\n\n\n\n<p><strong>Puheenjohtaja<br><\/strong>Johanna Kujansuu<br>Peuram\u00e4entie 28, 39820 Kihni\u00f6<br>045 121 1071<br><a href=\"mailto:johanna.kujansuu@gmail.com\">johanna.kujansuu@gmail.com<\/a><\/p>\n\n\n\n<h3 class=\"wp-block-heading\" id=\"kiikoisten-kirma-kiiki\"><a rel=\"noreferrer noopener\" href=\"https:\/\/www.facebook.com\/KiikoistenKirma\" data-type=\"URL\" data-id=\"https:\/\/www.facebook.com\/KiikoistenKirma\" target=\"_blank\">Kiikoisten Kirma, KiiKi<\/a><\/h3>\n\n\n\n<h3 class=\"wp-block-heading\" id=\"kiukaisten-kisailijat-kiukis\"><a rel=\"noreferrer noopener\" href=\"http:\/\/kisailijat.seura.me\/\" data-type=\"URL\" data-id=\"http:\/\/kisailijat.seura.me\/\" target=\"_blank\">Kiukaisten Kisailijat, KiuKis<\/a><\/h3>\n\n\n\n<h3 class=\"wp-block-heading\" id=\"kokemaen-kova-vaki-yleisurheilu-ry-k-kv\"><a rel=\"noreferrer noopener\" href=\"https:\/\/www.kk-v.fi\/\" data-type=\"URL\" data-id=\"https:\/\/www.kk-v.fi\/\" target=\"_blank\">Kokem\u00e4en Kova-V\u00e4ki Yleisurheilu ry, K-KV<\/a><\/h3>\n\n\n\n<h3 class=\"wp-block-heading\" id=\"kullaan-urheilijat-kullu\">Kullaan Urheilijat, KullU<\/h3>\n\n\n\n<p><strong>YU-jaoston puheenjohtaja<\/strong><br>Heikki Santa-Nokki<br>040 507 0715<br>Levanpellontie 232 29340 Kullaa<\/p>\n\n\n\n<h3 class=\"wp-block-heading\" id=\"kylasaaren-kajastus-kylkaj\"><a rel=\"noreferrer noopener\" href=\"http:\/\/kylasaarenkajastus.fi\/\" data-type=\"URL\" data-id=\"http:\/\/kylasaarenkajastus.fi\/\" target=\"_blank\">Kyl\u00e4saaren Kajastus, KylKaj<\/a><\/h3>\n\n\n\n<h3 class=\"wp-block-heading\" id=\"koylion-lallit-kola\"><a rel=\"noreferrer noopener\" href=\"https:\/\/www.lallit.fi\/\" data-type=\"URL\" data-id=\"https:\/\/www.lallit.fi\/\" target=\"_blank\">K\u00f6yli\u00f6n Lallit, K\u00f6La<\/a><\/h3>\n\n\n\n<h3 class=\"wp-block-heading\" id=\"lapin-salama-lasa\"><a rel=\"noreferrer noopener\" href=\"https:\/\/lapinsalama.fi\/\" data-type=\"URL\" data-id=\"https:\/\/lapinsalama.fi\/\" target=\"_blank\">Lapin Salama, LaSa<\/a><\/h3>\n\n\n\n<h3 class=\"wp-block-heading\" id=\"lapin-tempo-late\"><a rel=\"noreferrer noopener\" href=\"https:\/\/www.lapintempo.com\/\" data-type=\"URL\" data-id=\"https:\/\/www.lapintempo.com\/\" target=\"_blank\">Lapin Tempo, LaTe<\/a><\/h3>\n\n\n\n<h3 class=\"wp-block-heading\" id=\"lauttakylan-luja-lluja\"><a rel=\"noreferrer noopener\" href=\"https:\/\/www.lauttakylanluja.fi\/\" data-type=\"URL\" data-id=\"https:\/\/www.lauttakylanluja.fi\/\" target=\"_blank\">Lauttakyl\u00e4n Luja,LLuja<\/a><\/h3>\n\n\n\n<h3 class=\"wp-block-heading\" id=\"lauttakylan-pyry-lapy\">Lauttakyl\u00e4n Pyry, LaPy<\/h3>\n\n\n\n<p><strong>YU-jaoston puheenjohtaja<br><\/strong>Marko Reunanen<br>040 520 4531<br><a href=\"mailto:mj.reunanen@gmail.com\">mj.reunanen@gmail.com<\/a><\/p>\n\n\n\n<h3 class=\"wp-block-heading\" id=\"luvian-veto-luve\"><a rel=\"noreferrer noopener\" href=\"https:\/\/www.luvianveto.fi\/\" data-type=\"URL\" data-id=\"https:\/\/www.luvianveto.fi\/\" target=\"_blank\">Luvian Veto, LuVe<\/a><\/h3>\n\n\n\n<h3 class=\"wp-block-heading\" id=\"merikarvian-into-mei\"><a rel=\"noreferrer noopener\" href=\"http:\/\/www.merikarvianinto.fi\/\" data-type=\"URL\" data-id=\"http:\/\/www.merikarvianinto.fi\/\" target=\"_blank\">Merikarvian Into, MeI<\/a><\/h3>\n\n\n\n<h3 class=\"wp-block-heading\" id=\"nakkilan-vire-navire\"><a rel=\"noreferrer noopener\" href=\"http:\/\/www.nakkilanvire.fi\" data-type=\"URL\" data-id=\"www.nakkilanvire.fi\" target=\"_blank\">Nakkilan Vire, NaVire<\/a><\/h3>\n\n\n\n<h3 class=\"wp-block-heading\" id=\"noormarkun-nopsa-nono\"><a rel=\"noreferrer noopener\" href=\"http:\/\/www.noormarkunnopsa.fi\" data-type=\"URL\" data-id=\"www.noormarkunnopsa.fi\" target=\"_blank\">Noormarkun Nopsa, NoNo<\/a><\/h3>\n\n\n\n<h3 class=\"wp-block-heading\"><a href=\"https:\/\/panelianraikas.seura.info\/\">Panelian Raikas<\/a><\/h3>\n\n\n\n<h3 class=\"wp-block-heading\" id=\"parkanon-urheilijat-parku\"><a rel=\"noreferrer noopener\" href=\"http:\/\/www.parkanonurheilijat.fi\/\" data-type=\"URL\" data-id=\"http:\/\/www.parkanonurheilijat.fi\/\" target=\"_blank\">Parkanon Urheilijat, ParkU<\/a><\/h3>\n\n\n\n<h3 class=\"wp-block-heading\" id=\"porin-pyrinto-popy\"><a rel=\"noreferrer noopener\" href=\"https:\/\/www.porinpyrinto.fi\/\" data-type=\"URL\" data-id=\"https:\/\/www.porinpyrinto.fi\/\" target=\"_blank\">Porin Pyrint\u00f6, PoPy<\/a><\/h3>\n\n\n\n<h3 class=\"wp-block-heading\" id=\"porin-tarmo-pota\"><a rel=\"noreferrer noopener\" href=\"http:\/\/www.porintarmo.fi\/\" data-type=\"URL\" data-id=\"http:\/\/www.porintarmo.fi\/\" target=\"_blank\">Porin Tarmo, PoTa<\/a><\/h3>\n\n\n\n<h3 class=\"wp-block-heading\" id=\"porin-yleisurheilu-pory\"><a rel=\"noreferrer noopener\" href=\"http:\/\/www.porinyleisurheilu.fi\/\" data-type=\"URL\" data-id=\"http:\/\/www.porinyleisurheilu.fi\/\" target=\"_blank\">Porin Yleisurheilu, PorY<\/a><\/h3>\n\n\n\n<h3 class=\"wp-block-heading\" id=\"preiviikin-kiri-prkiri\"><a rel=\"noreferrer noopener\" href=\"https:\/\/preiviikinkiri.sporttisaitti.com\/\" data-type=\"URL\" data-id=\"https:\/\/preiviikinkiri.sporttisaitti.com\/\" target=\"_blank\">Preiviikin Kiri, PrKiri<\/a><\/h3>\n\n\n\n<h3 class=\"wp-block-heading\" id=\"punkalaitumen-kunto-punku\"><a rel=\"noreferrer noopener\" href=\"http:\/\/www.punkalaitumenkunto.fi\/\" data-type=\"URL\" data-id=\"http:\/\/www.punkalaitumenkunto.fi\/\" target=\"_blank\">Punkalaitumen Kunto, PunKu<\/a><\/h3>\n\n\n\n<h3 class=\"wp-block-heading\" id=\"rauman-tyovaen-urheilijat-rtu\"><a href=\"http:\/\/www.raumantu.fi\/\">Rauman Ty\u00f6v\u00e4en Urheilijat, RTU<\/a><\/h3>\n\n\n\n<h3 class=\"wp-block-heading\" id=\"rauman-urheilijat-raumu\"><a href=\"https:\/\/www.raumanurheilijat.fi\/\">Rauman Urheilijat, RaumU<\/a><\/h3>\n\n\n\n<h3 class=\"wp-block-heading\" id=\"sakylan-urheilijat-sau\"><a rel=\"noreferrer noopener\" href=\"http:\/\/www.sakylanurheilijat.fi\/\" data-type=\"URL\" data-id=\"http:\/\/www.sakylanurheilijat.fi\/\" target=\"_blank\">S\u00e4kyl\u00e4n Urheilijat, S\u00e4U<\/a><\/h3>\n\n\n\n<h3 class=\"wp-block-heading\" id=\"siikaisten-sisu-siisi\"><a rel=\"noreferrer noopener\" href=\"https:\/\/www.facebook.com\/Siikaisten-Sisu-348298349296317\/\" data-type=\"URL\" data-id=\"https:\/\/www.facebook.com\/Siikaisten-Sisu-348298349296317\/\" target=\"_blank\">Siikaisten Sisu, SiiSi<\/a><\/h3>\n\n\n\n<h3 class=\"wp-block-heading\" id=\"siikaisten-sisu-siisi\"><a href=\"https:\/\/www.facebook.com\/profile.php?id=100063923750242\" data-type=\"URL\" target=\"_blank\" rel=\"noreferrer noopener\">Spiidi.net<\/a><\/h3>\n\n\n\n<h3 class=\"wp-block-heading\" id=\"suodenniemen-urheilijat-suodu\"><a rel=\"noreferrer noopener\" href=\"http:\/\/suodenniemenurheilijat.blogspot.com\/\" data-type=\"URL\" data-id=\"http:\/\/suodenniemenurheilijat.blogspot.com\/\" target=\"_blank\">Suodenniemen Urheilijat, SuodU<\/a><\/h3>\n\n\n\n<h3 class=\"wp-block-heading\" id=\"ulvila-sport-team-ust\"><a rel=\"noreferrer noopener\" href=\"https:\/\/www.ust.fi\/\" data-type=\"URL\" data-id=\"https:\/\/www.ust.fi\/\" target=\"_blank\">Ulvila Sport Team, UST<\/a><\/h3>\n\n\n\n<h3 class=\"wp-block-heading\" id=\"vammalan-seudun-voima-vsv\"><a rel=\"noreferrer noopener\" href=\"http:\/\/www.vammalanseudunvoima.fi\" data-type=\"URL\" data-id=\"www.vammalanseudunvoima.fi\" target=\"_blank\">Vammalan seudun Voima, VsV<\/a><\/h3>\n\n\n\n<h3 class=\"wp-block-heading\" id=\"vampulan-urheilijat-vampu\"><a rel=\"noreferrer noopener\" href=\"https:\/\/www.vampu.fi\/\" data-type=\"URL\" data-id=\"https:\/\/www.vampu.fi\/\" target=\"_blank\">Vampulan Urheilijat, VampU<\/a><\/h3>\n\n\n\n<h3 class=\"wp-block-heading\" id=\"vasaraisten-isku-vasis\"><a rel=\"noreferrer noopener\" href=\"https:\/\/www.facebook.com\/Vasaraisten-Isku-495833360442719\/\" data-type=\"URL\" data-id=\"https:\/\/www.facebook.com\/Vasaraisten-Isku-495833360442719\/\" target=\"_blank\">Vasaraisten Isku, VasIs<\/a><\/h3>\n","protected":false},"excerpt":{"rendered":"<p>Ahlaisten Urheilijat, AhlU APK-maratoonarit ry Eurajoen Veikot, EuVe Euran Raiku, EuRa Euran Ty\u00f6v\u00e4en Urheilijat, ETU Harjavallan Jymy, HaJy Harjavallan Ty\u00f6v\u00e4en Urheilijat, HTU YU-jaoston puheenjohtajaTomi Rantanen044 522 7836tomi.rantanen76@gmail.comIlmarisenkatu 2b7 29200 Harjavalta Hinnerjoen Yritys, HinnY PuheenjohtajaJarmo Sj\u00f6blomjarmosjoblom1@gmail.com Honkajoen seudun Urheilijat, HSU Isojoenrannan Mahti, IsoM Pekka Nurmi02-639 2515pekka.ju.nurmi@gmail.comKarjasillantie 58 28240 Pori Kankaanp\u00e4\u00e4n Maratonklubi, KanMara Kankaanp\u00e4\u00e4n seudun Leisku, KSL&hellip; <a class=\"more-link\" href=\"https:\/\/www.satakunnanyleisurheilu.fi\/?page_id=31\">Jatka lukemista <span class=\"screen-reader-text\">J\u00e4senseurat<\/span><\/a><\/p>\n","protected":false},"author":6,"featured_media":0,"parent":16,"menu_order":0,"comment_status":"open","ping_status":"open","template":"","meta":{"jetpack_post_was_ever_published":false,"footnotes":""},"class_list":["post-31","page","type-page","status-publish","hentry","entry"],"jetpack_sharing_enabled":true,"jetpack_shortlink":"https:\/\/wp.me\/P5Y5ll-v","_links":{"self":[{"href":"https:\/\/www.satakunnanyleisurheilu.fi\/index.php?rest_route=\/wp\/v2\/pages\/31","targetHints":{"allow":["GET"]}}],"collection":[{"href":"https:\/\/www.satakunnanyleisurheilu.fi\/index.php?rest_route=\/wp\/v2\/pages"}],"about":[{"href":"https:\/\/www.satakunnanyleisurheilu.fi\/index.php?rest_route=\/wp\/v2\/types\/page"}],"author":[{"embeddable":true,"href":"https:\/\/www.satakunnanyleisurheilu.fi\/index.php?rest_route=\/wp\/v2\/users\/6"}],"replies":[{"embeddable":true,"href":"https:\/\/www.satakunnanyleisurheilu.fi\/index.php?rest_route=%2Fwp%2Fv2%2Fcomments&post=31"}],"version-history":[{"count":81,"href":"https:\/\/www.satakunnanyleisurheilu.fi\/index.php?rest_route=\/wp\/v2\/pages\/31\/revisions"}],"predecessor-version":[{"id":2730,"href":"https:\/\/www.satakunnanyleisurheilu.fi\/index.php?rest_route=\/wp\/v2\/pages\/31\/revisions\/2730"}],"up":[{"embeddable":true,"href":"https:\/\/www.satakunnanyleisurheilu.fi\/index.php?rest_route=\/wp\/v2\/pages\/16"}],"wp:attachment":[{"href":"https:\/\/www.satakunnanyleisurheilu.fi\/index.php?rest_route=%2Fwp%2Fv2%2Fmedia&parent=31"}],"curies":[{"name":"wp","href":"https:\/\/api.w.org\/{rel}","templated":true}]}}