{"id":58,"date":"2013-03-22T20:12:45","date_gmt":"2013-03-22T18:12:45","guid":{"rendered":"http:\/\/timanttikisat.fi\/saty\/?page_id=58"},"modified":"2025-10-14T07:55:55","modified_gmt":"2025-10-14T04:55:55","slug":"elmo-starttileiritys-2012-2013","status":"publish","type":"page","link":"https:\/\/www.satakunnanyleisurheilu.fi\/?page_id=58","title":{"rendered":"Starttileiritys 2025-2026"},"content":{"rendered":"<p><strong>Starttileirityksen tarkoitus<\/strong><\/p>\n<p><span style=\"color: #ff0000;\">\u00a0<\/span>Starttileiritys on yleens\u00e4 ensimm\u00e4inen kosketus leirityksiin. Leirityksen tavoitteena on oppia olemaan mukana leiritysp\u00e4iviss\u00e4, oppia ottamaan ohjeita kouluttajilta, kokea milt\u00e4 tuntuu kahden harjoituksen p\u00e4iv\u00e4 ja t\u00e4rkeimp\u00e4n\u00e4 oppia tuntea saman ik\u00e4luokan muita yleisurheilijoita Satakunnasta ja toivottavasti solmia yst\u00e4vyyssuhteita. Leirityksen kouluttajina toimivat koulutetut ohjaajat.<\/p>\n<p>Leirityst\u00e4 on uudistettu enemm\u00e4n lajiharjoitteluun perustuvaksi, mutta monipuolisuutta korostetaan viel\u00e4 t\u00e4ss\u00e4 i\u00e4ss\u00e4. Yleens\u00e4 leirip\u00e4iv\u00e4n aikana kierret\u00e4\u00e4n useampi lajipiste: juoksu, hyppy, heitto ja perusominaisuudet (kuntopiiri). N\u00e4iss\u00e4 ik\u00e4luokissa kaikki kokeilevat viel\u00e4 kaikkia lajiryhmi\u00e4, seuraavissa leiritysvaiheissa ruvetaan erikoistumaan siihen lajiin joka itselle paras\/t\u00e4rkein\/sopivin.<\/p>\n<p>Starttileiritys tapahtuu t\u00e4ll\u00e4 kaudella piirileirityksen kanssa samoina p\u00e4ivin\u00e4, samoissa tiloissa mutta omana leirityskokonaisuutena. Joitakin harjoituksia pyrit\u00e4\u00e4n tekem\u00e4\u00e4n yhdess\u00e4 mutta ottaen huomioon ett\u00e4 ryhm\u00e4t ovat tasaisia suoritustasoltaan.<\/p>\n<p>Leiritysten valintakriteerin\u00e4 on ik\u00e4 noin (8)9 &#8211; 12 v. Raja ei ole tiukka, vaan mukaan otetaan esimerkiksi kehittyneempi\u00e4 nuoria, jotka pystyv\u00e4t olemaan mukana leirityksess\u00e4.<\/p>\n<p>2025-2026 kaudella <em>12-vuotiaille (2013 syntyneet)<\/em> on suunniteltu omaa ryhm\u00e4\u00e4, jos sellainen saadaan kasaan. Ryhm\u00e4ss\u00e4 harjoitellaan monipuolisesti eri lajeja eri leireill\u00e4 mutta yhden kouluttajan johdolla (esim. aamup\u00e4iv\u00e4ll\u00e4 aitajuoksu, iltap\u00e4iv\u00e4ll\u00e4 hyppyharjoitus).<\/p>\n<p><strong>Leirip\u00e4iv\u00e4t<\/strong><\/p>\n<p>Karhuhallilla leirit alkavat klo 9.15 ja p\u00e4\u00e4ttyv\u00e4t noin klo 15.<\/p>\n<p><em>KAUDEN 2025-2026 leirityskokonaisuus:<\/em><\/p>\n<p><strong>P\u00e4iv\u00e4leirit lauantaisin <\/strong><\/p>\n<p>8.11.2025 Karhuhalli<br \/>\n24.1.2026 Karhuhalli<br \/>\n28.3.2026 Karhuhalli<br \/>\n18.4.2026 Karhuhalli<\/p>\n<p><strong>Hinnat<\/strong><br \/>\n90 \u20ac koko kaudelta, erillisi\u00e4 leirej\u00e4 ei voi ostaa.<\/p>\n<p><strong>Hakeminen<\/strong><\/p>\n<p>Haku aukeaa perjantaina 12.9.2025 ja p\u00e4\u00e4ttyy sunnuntaina 12.10.2025.<\/p>\n<p>Linkki hakuun: <a href=\"https:\/\/www.suomisport.fi\/events\/3abe445e-1b04-457c-907f-25e3d68b7614\" target=\"_blank\" rel=\"noopener\" data-saferedirecturl=\"https:\/\/www.google.com\/url?q=https:\/\/www.suomisport.fi\/events\/3abe445e-1b04-457c-907f-25e3d68b7614&amp;source=gmail&amp;ust=1757486868826000&amp;usg=AOvVaw0RDisT69tI2KWzYw-3dN8l\">Suomisport<\/a><\/p>\n<p><span style=\"color: #ff0000;\">Huom! Leiritys maksetaan haun yhteydess\u00e4 Suomisport-j\u00e4rjestelm\u00e4ss\u00e4<\/span>.<\/p>\n<p><strong>Tiedustelut<\/strong><\/p>\n<p><strong>SATY\/ Samu Myllymaa, p. 040 701 2313, <a href=\"mailto:samu.myllymaa@gmail.com\">samu.myllymaa@gmail.com<\/a><\/strong><\/p>\n","protected":false},"excerpt":{"rendered":"<p>Starttileirityksen tarkoitus \u00a0Starttileiritys on yleens\u00e4 ensimm\u00e4inen kosketus leirityksiin. Leirityksen tavoitteena on oppia olemaan mukana leiritysp\u00e4iviss\u00e4, oppia ottamaan ohjeita kouluttajilta, kokea milt\u00e4 tuntuu kahden harjoituksen p\u00e4iv\u00e4 ja t\u00e4rkeimp\u00e4n\u00e4 oppia tuntea saman ik\u00e4luokan muita yleisurheilijoita Satakunnasta ja toivottavasti solmia yst\u00e4vyyssuhteita. Leirityksen kouluttajina toimivat koulutetut ohjaajat. Leirityst\u00e4 on uudistettu enemm\u00e4n lajiharjoitteluun perustuvaksi, mutta monipuolisuutta korostetaan viel\u00e4 t\u00e4ss\u00e4 i\u00e4ss\u00e4.&hellip; <a class=\"more-link\" href=\"https:\/\/www.satakunnanyleisurheilu.fi\/?page_id=58\">Jatka lukemista <span class=\"screen-reader-text\">Starttileiritys 2025-2026<\/span><\/a><\/p>\n","protected":false},"author":6,"featured_media":0,"parent":14,"menu_order":5,"comment_status":"open","ping_status":"open","template":"","meta":{"footnotes":""},"class_list":["post-58","page","type-page","status-publish","hentry","entry"],"jetpack_sharing_enabled":true,"jetpack_shortlink":"https:\/\/wp.me\/P5Y5ll-W","_links":{"self":[{"href":"https:\/\/www.satakunnanyleisurheilu.fi\/index.php?rest_route=\/wp\/v2\/pages\/58","targetHints":{"allow":["GET"]}}],"collection":[{"href":"https:\/\/www.satakunnanyleisurheilu.fi\/index.php?rest_route=\/wp\/v2\/pages"}],"about":[{"href":"https:\/\/www.satakunnanyleisurheilu.fi\/index.php?rest_route=\/wp\/v2\/types\/page"}],"author":[{"embeddable":true,"href":"https:\/\/www.satakunnanyleisurheilu.fi\/index.php?rest_route=\/wp\/v2\/users\/6"}],"replies":[{"embeddable":true,"href":"https:\/\/www.satakunnanyleisurheilu.fi\/index.php?rest_route=%2Fwp%2Fv2%2Fcomments&post=58"}],"version-history":[{"count":58,"href":"https:\/\/www.satakunnanyleisurheilu.fi\/index.php?rest_route=\/wp\/v2\/pages\/58\/revisions"}],"predecessor-version":[{"id":2848,"href":"https:\/\/www.satakunnanyleisurheilu.fi\/index.php?rest_route=\/wp\/v2\/pages\/58\/revisions\/2848"}],"up":[{"embeddable":true,"href":"https:\/\/www.satakunnanyleisurheilu.fi\/index.php?rest_route=\/wp\/v2\/pages\/14"}],"wp:attachment":[{"href":"https:\/\/www.satakunnanyleisurheilu.fi\/index.php?rest_route=%2Fwp%2Fv2%2Fmedia&parent=58"}],"curies":[{"name":"wp","href":"https:\/\/api.w.org\/{rel}","templated":true}]}}