{"id":60,"date":"2016-09-13T08:16:16","date_gmt":"2016-09-13T05:16:16","guid":{"rendered":"http:\/\/timanttikisat.fi\/saty\/?page_id=60"},"modified":"2025-10-14T07:55:31","modified_gmt":"2025-10-14T04:55:31","slug":"piirileiritys-2016-2017","status":"publish","type":"page","link":"https:\/\/www.satakunnanyleisurheilu.fi\/?page_id=60","title":{"rendered":"Piirileiritys 2025-2026"},"content":{"rendered":"<p><strong>Piirileiritys 2025 &#8211; 2026<\/strong><\/p>\n<p>Piirileirityksen tarkoituksena on tukea nuorten urheilijoiden ja heid\u00e4n valmentajien\/huoltajien tavoitteellista harjoittelua. Leirityksen tavoitteena on k\u00e4yd\u00e4 l\u00e4pi ja vahvistaa lajiteknist\u00e4 osaamista ja sit\u00e4 tukevien harjoitteiden osaamista. Leirityksen tavoitteena on my\u00f6s tuoda Satakunnan piirin nuoria urheilijoita yhteen ja edesauttaa kaverisuhteiden syntymist\u00e4 ja yll\u00e4pitoa. Leirityksen kouluttajina toimivat kokeneet valmentajat.<\/p>\n<p>Leiritys on tarkoitettu 12-15 -vuotiaille syntyneille urheilijoille. <em>Mukaan otetaan my\u00f6s yli 15-vuotiaita. <\/em><\/p>\n<p>Leiritys on kokonaisuus, johon kuuluvat piirin omat tapahtumat ja viikonloppuleirit.<\/p>\n<p><strong>Leiritys koostuu piirin omista tapahtumista (p\u00e4iv\u00e4leireist\u00e4) Porin Karhuhallissa<\/strong><strong> sek\u00e4 Eerikkil\u00e4n urheiluopiston (viikonloppu) alueleireist\u00e4. <\/strong><\/p>\n<p>Leirip\u00e4iv\u00e4t Karhuhallilla alkavat klo 09 ja p\u00e4\u00e4ttyv\u00e4t ennen klo 16.<\/p>\n<p><span style=\"color: #ff0000;\">Alueleirit j\u00e4rjestet\u00e4\u00e4n yhteisesti (VARSY ja SATY) Eerikkil\u00e4n Urheiluopistolla lokakuussa 2025 ja toukokuussa 2026, tarkemmat tiedot lopussa.<\/span><\/p>\n<p>Nuorten urheilijoiden valmentajien\/ huoltajien odotetaan osallistuvan aktiivisesti kaikkiin leirivuoden tapahtumiin.<\/p>\n<p>N\u00e4ill\u00e4 toimenpiteill\u00e4 pyrit\u00e4\u00e4n tukemaan paremmin nuoren urheilijan kehittymist\u00e4 sek\u00e4 urheilija\u2013valmentaja-parin ty\u00f6skentely\u00e4.<\/p>\n<p>Kaikki haku-\/valintakriteerit t\u00e4ytt\u00e4v\u00e4t nuoret urheilijat osallistuvat piirien omiin tapahtumiin sek\u00e4 viikonloppuleireille. Alueleireille tulee <em>erillinen kutsu<\/em> valituille muutama viikko ennen leiri\u00e4.<\/p>\n<p><strong>Valintakriteerit:<\/strong><br \/>\no 12-15 v. B-luokka (2013-2010)<br \/>\n<span style=\"color: #00ccff;\"><a style=\"color: #00ccff;\" href=\"https:\/\/www.yleisurheilu.fi\/sites\/default\/files\/atoms\/files\/taitomerkkirajat_2014_-.pdf\">Luokittelurajat l\u00f6ytyy t\u00e4\u00e4lt\u00e4<\/a><\/span><\/p>\n<p><em>Karhuhallin leireille k\u00e4ytet\u00e4\u00e4n kuitenkin harkintaa ryhmien kasaamisessa ja <strong>ryhm\u00e4koon salliessa 13-16<\/strong> vuotiaita otetaan mukaan ryhmiin, vaikka tulosraja ei olisi tehtyn\u00e4.<\/em><\/p>\n<p>Piirileirityksess\u00e4 harjoitellaan seuraavasti: piirien omissa tapahtumissa Karhuhallissa harjoitellaan lajiryhm\u00e4kohtaisesti (esim. hypyt, heitot,..). Eerikkil\u00e4n alueleireill\u00e4 harjoitellaan lajikohtaisesti (esim. korkeus, keih\u00e4s). Kaikkiin lajeihin ei v\u00e4ltt\u00e4m\u00e4tt\u00e4 muodostu ryhm\u00e4\u00e4, mik\u00e4li hakijoita on v\u00e4h\u00e4n, my\u00f6s ryhmien yhdist\u00e4miset ovat mahdollisia.<\/p>\n<p>Alueleirien kouluttajina toimivat piirien kouluttajat. Hakemusta t\u00e4ytt\u00e4ess\u00e4\u00e4n urheilija valitsee lajin, johon h\u00e4n ensisijaisesti hakee, sek\u00e4 varalajin.<\/p>\n<p><strong>Hakeminen leiritykseen<\/strong><\/p>\n<p><strong><span style=\"color: #ff0000;\">Haku aukeaa perjantaina 12.9.2025 ja p\u00e4\u00e4ttyy sunnuntaina 12.10.2025 klo 23.58.<\/span><\/strong><\/p>\n<p>Linkki hakuun: <a href=\"https:\/\/www.suomisport.fi\/events\/2330a21f-03f3-4dde-bd20-2ddb2e5f566c\" target=\"_blank\" rel=\"noopener\" data-saferedirecturl=\"https:\/\/www.google.com\/url?q=https:\/\/www.suomisport.fi\/events\/2330a21f-03f3-4dde-bd20-2ddb2e5f566c&amp;source=gmail&amp;ust=1757486868826000&amp;usg=AOvVaw0YwXDH0o-k4Vw--Kz1MNMQ\">Suomisport<\/a><\/p>\n<p>Huom! Leiritys <em>maksetaan<\/em> <strong>haun yhteydess\u00e4<\/strong>.<\/p>\n<p><strong>Leirityksen hinta on 150\u20ac.<\/strong><\/p>\n<p><em>KAUDEN 2024-2025 <\/em><em>leirityskokonaisuus:<\/em><\/p>\n<p>P\u00e4iv\u00e4leirit lauantaisin ja niiden teemat<\/p>\n<p><span style=\"color: #000000;\">8.11.2025 Karhuhalli &#8211; perusominaisuudet<\/span><br \/>\n<span style=\"color: #000000;\">20.12.2025 Karhuhalli &#8211; lajitaidot ja voima<\/span><br \/>\n<span style=\"color: #000000;\">24.1.2026 Karhuhalli &#8211; kilpailukauden (halli) harjoittelu<\/span><br \/>\n<span style=\"color: #000000;\">28.3.2026 Karhuhalli &#8211; perusominaisuudet<\/span><br \/>\n<span style=\"color: #000000;\">18.4.2026 Karhuhalli &#8211; kilpailukauteen valmistava harjoittelu<\/span><\/p>\n<p>P\u00e4iv\u00e4leirit sis\u00e4lt\u00e4v\u00e4t kaksi harjoitusta, joillakin leireill\u00e4 luennon ja v\u00e4liss\u00e4 on omakustanteinen lounastauko. Harjoitukset voivat olla my\u00f6s ulkona, joten varusteet leireille sen mukaan. Omat urheiluv\u00e4lineet mukaan lajeihin, joissa v\u00e4lineit\u00e4.<\/p>\n<p><strong style=\"font-size: inherit;\">Eerikkil\u00e4n alueleirit<\/strong><\/p>\n<p>Eerikkil\u00e4n alueleirit kuuluvat\u00a0 leirikokonaisuuteen. Leirien ajankohdat:<\/p>\n<p><span style=\"color: #000000;\"><em>pe-su 24.-26.10.2025<\/em>\u00a0(pe ilta &#8211; su iltap\u00e4iv\u00e4)<\/span><\/p>\n<p><span style=\"color: #000000;\"><em>pe-su 15.-17.5.2026<\/em>\u00a0(pe ilta -su iltap\u00e4iv\u00e4)<\/span><\/p>\n<p>Alueleireist\u00e4 Eerikkil\u00e4 laskuttaa jokaista urheilijaa ja huoltajaa\/valmentajaa erikseen, ilmoittautumisen yhteydess\u00e4. Hinnat [t\u00e4h\u00e4n, kun tiedossa]<\/p>\n<p>Eerikkil\u00e4n leireille ilmoittaudutaan noin kaksi viikkoa ennen leiri\u00e4 <em>s\u00e4hk\u00f6postitse toimitettavalla ilmoittautumislinkill\u00e4.<\/em><\/p>\n<p><strong>Lis\u00e4tietoja:<br \/>\nSATY\/ Samu Myllymaa, p. 040 701 2313, <a href=\"mailto:samu.myllymaa@gmail.com\"><u>samu.myllymaa@gmail.com<\/u><\/a><\/strong><\/p>\n","protected":false},"excerpt":{"rendered":"<p>Piirileiritys 2025 &#8211; 2026 Piirileirityksen tarkoituksena on tukea nuorten urheilijoiden ja heid\u00e4n valmentajien\/huoltajien tavoitteellista harjoittelua. Leirityksen tavoitteena on k\u00e4yd\u00e4 l\u00e4pi ja vahvistaa lajiteknist\u00e4 osaamista ja sit\u00e4 tukevien harjoitteiden osaamista. Leirityksen tavoitteena on my\u00f6s tuoda Satakunnan piirin nuoria urheilijoita yhteen ja edesauttaa kaverisuhteiden syntymist\u00e4 ja yll\u00e4pitoa. Leirityksen kouluttajina toimivat kokeneet valmentajat. Leiritys on tarkoitettu 12-15 -vuotiaille&hellip; <a class=\"more-link\" href=\"https:\/\/www.satakunnanyleisurheilu.fi\/?page_id=60\">Jatka lukemista <span class=\"screen-reader-text\">Piirileiritys 2025-2026<\/span><\/a><\/p>\n","protected":false},"author":2,"featured_media":0,"parent":14,"menu_order":0,"comment_status":"open","ping_status":"closed","template":"","meta":{"footnotes":""},"class_list":["post-60","page","type-page","status-publish","hentry","entry"],"jetpack_sharing_enabled":true,"jetpack_shortlink":"https:\/\/wp.me\/P5Y5ll-Y","_links":{"self":[{"href":"https:\/\/www.satakunnanyleisurheilu.fi\/index.php?rest_route=\/wp\/v2\/pages\/60","targetHints":{"allow":["GET"]}}],"collection":[{"href":"https:\/\/www.satakunnanyleisurheilu.fi\/index.php?rest_route=\/wp\/v2\/pages"}],"about":[{"href":"https:\/\/www.satakunnanyleisurheilu.fi\/index.php?rest_route=\/wp\/v2\/types\/page"}],"author":[{"embeddable":true,"href":"https:\/\/www.satakunnanyleisurheilu.fi\/index.php?rest_route=\/wp\/v2\/users\/2"}],"replies":[{"embeddable":true,"href":"https:\/\/www.satakunnanyleisurheilu.fi\/index.php?rest_route=%2Fwp%2Fv2%2Fcomments&post=60"}],"version-history":[{"count":68,"href":"https:\/\/www.satakunnanyleisurheilu.fi\/index.php?rest_route=\/wp\/v2\/pages\/60\/revisions"}],"predecessor-version":[{"id":2847,"href":"https:\/\/www.satakunnanyleisurheilu.fi\/index.php?rest_route=\/wp\/v2\/pages\/60\/revisions\/2847"}],"up":[{"embeddable":true,"href":"https:\/\/www.satakunnanyleisurheilu.fi\/index.php?rest_route=\/wp\/v2\/pages\/14"}],"wp:attachment":[{"href":"https:\/\/www.satakunnanyleisurheilu.fi\/index.php?rest_route=%2Fwp%2Fv2%2Fmedia&parent=60"}],"curies":[{"name":"wp","href":"https:\/\/api.w.org\/{rel}","templated":true}]}}